{"id":7237,"date":"2022-07-04T12:50:21","date_gmt":"2022-07-04T12:50:21","guid":{"rendered":"https:\/\/dev.taste-africa.com\/?post_type=product&#038;p=7237"},"modified":"2022-08-11T06:44:20","modified_gmt":"2022-08-11T06:44:20","slug":"potjie-size-3-flat","status":"publish","type":"product","link":"https:\/\/dev.taste-africa.com\/sv\/productTRPLINKPROCESSED\/potjie-size-3-flat\/","title":{"rendered":"<p>Potjie storlek 3, platt<\/p>"},"content":{"rendered":"","protected":false},"excerpt":{"rendered":"<p>Potjie storlek 3, platt (8 L, 10 KG)<br>\nyttre diameter 29 cm, h\u00f6jd utan lock 18 cm<p>Den h\u00e4r grytan \u00e4r lagom f\u00f6r matlagning \u00f6ver eld f\u00f6r ungef\u00e4r 6-12 personer. Den tillverkas med platt botten utan ben. Den h\u00e4r h\u00e4nger man upp eller s\u00e4tter p\u00e5 ett galler. Den kan ocks\u00e5 st\u00e5 p\u00e5 en st\u00e4llning som \u00e4r flyttbar, s\u00e5 v\u00e4rmen kan varieras.<\/p><\/p>","protected":false},"featured_media":7412,"comment_status":"open","ping_status":"closed","template":"","meta":{"inline_featured_image":false},"product_cat":[146],"product_tag":[],"class_list":["post-7237","product","type-product","status-publish","has-post-thumbnail","hentry","product_cat-pots"],"_links":{"self":[{"href":"https:\/\/dev.taste-africa.com\/sv\/wp-json\/wp\/v2\/product\/7237","targetHints":{"allow":["GET"]}}],"collection":[{"href":"https:\/\/dev.taste-africa.com\/sv\/wp-json\/wp\/v2\/product"}],"about":[{"href":"https:\/\/dev.taste-africa.com\/sv\/wp-json\/wp\/v2\/types\/product"}],"replies":[{"embeddable":true,"href":"https:\/\/dev.taste-africa.com\/sv\/wp-json\/wp\/v2\/comments?post=7237"}],"version-history":[{"count":2,"href":"https:\/\/dev.taste-africa.com\/sv\/wp-json\/wp\/v2\/product\/7237\/revisions"}],"predecessor-version":[{"id":7414,"href":"https:\/\/dev.taste-africa.com\/sv\/wp-json\/wp\/v2\/product\/7237\/revisions\/7414"}],"wp:featuredmedia":[{"embeddable":true,"href":"https:\/\/dev.taste-africa.com\/sv\/wp-json\/wp\/v2\/media\/7412"}],"wp:attachment":[{"href":"https:\/\/dev.taste-africa.com\/sv\/wp-json\/wp\/v2\/media?parent=7237"}],"wp:term":[{"taxonomy":"product_cat","embeddable":true,"href":"https:\/\/dev.taste-africa.com\/sv\/wp-json\/wp\/v2\/product_cat?post=7237"},{"taxonomy":"product_tag","embeddable":true,"href":"https:\/\/dev.taste-africa.com\/sv\/wp-json\/wp\/v2\/product_tag?post=7237"}],"curies":[{"name":"wp","href":"https:\/\/api.w.org\/{rel}","templated":true}]}}