{"id":7218,"date":"2022-07-04T07:23:02","date_gmt":"2022-07-04T07:23:02","guid":{"rendered":"https:\/\/dev.taste-africa.com\/?post_type=product&#038;p=7218"},"modified":"2022-08-10T06:09:41","modified_gmt":"2022-08-10T06:09:41","slug":"potjie-size-12-large-bakepot","status":"publish","type":"product","link":"https:\/\/dev.taste-africa.com\/sv\/productTRPLINKPROCESSED\/potjie-size-12-large-bakepot\/","title":{"rendered":"<p>Bakgryta storlek 12, stor<\/p>"},"content":{"rendered":"","protected":false},"excerpt":{"rendered":"<p>Bakgryta storlek 12 (5.0 L, 7.6 KG)<br>\nyttre diameter 33 cm, h\u00f6jd utan lock 11 cm<p>En stor bakgryta som passar bra till matlagning \u00f6ver eld p\u00e5 en trebent st\u00e4llning, bakning med gl\u00f6dande kol och eld, samt bakning och matlagning i en vanlig ugn. Bakgrytan \u00e4r plan under och kan anv\u00e4ndas p\u00e5 en spisplatta.<\/p><\/p>","protected":false},"featured_media":7205,"comment_status":"open","ping_status":"closed","template":"","meta":{"inline_featured_image":false},"product_cat":[146],"product_tag":[],"class_list":["post-7218","product","type-product","status-publish","has-post-thumbnail","hentry","product_cat-pots"],"_links":{"self":[{"href":"https:\/\/dev.taste-africa.com\/sv\/wp-json\/wp\/v2\/product\/7218","targetHints":{"allow":["GET"]}}],"collection":[{"href":"https:\/\/dev.taste-africa.com\/sv\/wp-json\/wp\/v2\/product"}],"about":[{"href":"https:\/\/dev.taste-africa.com\/sv\/wp-json\/wp\/v2\/types\/product"}],"replies":[{"embeddable":true,"href":"https:\/\/dev.taste-africa.com\/sv\/wp-json\/wp\/v2\/comments?post=7218"}],"version-history":[{"count":3,"href":"https:\/\/dev.taste-africa.com\/sv\/wp-json\/wp\/v2\/product\/7218\/revisions"}],"predecessor-version":[{"id":7410,"href":"https:\/\/dev.taste-africa.com\/sv\/wp-json\/wp\/v2\/product\/7218\/revisions\/7410"}],"wp:featuredmedia":[{"embeddable":true,"href":"https:\/\/dev.taste-africa.com\/sv\/wp-json\/wp\/v2\/media\/7205"}],"wp:attachment":[{"href":"https:\/\/dev.taste-africa.com\/sv\/wp-json\/wp\/v2\/media?parent=7218"}],"wp:term":[{"taxonomy":"product_cat","embeddable":true,"href":"https:\/\/dev.taste-africa.com\/sv\/wp-json\/wp\/v2\/product_cat?post=7218"},{"taxonomy":"product_tag","embeddable":true,"href":"https:\/\/dev.taste-africa.com\/sv\/wp-json\/wp\/v2\/product_tag?post=7218"}],"curies":[{"name":"wp","href":"https:\/\/api.w.org\/{rel}","templated":true}]}}