{"id":7217,"date":"2022-07-04T07:22:56","date_gmt":"2022-07-04T07:22:56","guid":{"rendered":"https:\/\/dev.taste-africa.com\/?post_type=product&#038;p=7217"},"modified":"2022-08-08T13:30:58","modified_gmt":"2022-08-08T13:30:58","slug":"potjie-size-10-small-bakepot","status":"publish","type":"product","link":"https:\/\/dev.taste-africa.com\/sv\/productTRPLINKPROCESSED\/potjie-size-10-small-bakepot\/","title":{"rendered":"<p>Bakgryta storlek 10, liten<\/p>"},"content":{"rendered":"","protected":false},"excerpt":{"rendered":"<p>Bakgryta storlek 10 (3.0 L, 6 KG)<br>\nyttre diameter 27 cm, h\u00f6jd utan lock 10 cm<p>En liten bakgryta som passar bra till matlagning \u00f6ver eld p\u00e5 en trebent st\u00e4llning, bakning med gl\u00f6dande kol och eld, samt bakning i en vanlig ugn.<\/p><\/p>","protected":false},"featured_media":7204,"comment_status":"open","ping_status":"closed","template":"","meta":{"inline_featured_image":false},"product_cat":[146],"product_tag":[],"class_list":["post-7217","product","type-product","status-publish","has-post-thumbnail","hentry","product_cat-pots"],"_links":{"self":[{"href":"https:\/\/dev.taste-africa.com\/sv\/wp-json\/wp\/v2\/product\/7217","targetHints":{"allow":["GET"]}}],"collection":[{"href":"https:\/\/dev.taste-africa.com\/sv\/wp-json\/wp\/v2\/product"}],"about":[{"href":"https:\/\/dev.taste-africa.com\/sv\/wp-json\/wp\/v2\/types\/product"}],"replies":[{"embeddable":true,"href":"https:\/\/dev.taste-africa.com\/sv\/wp-json\/wp\/v2\/comments?post=7217"}],"version-history":[{"count":3,"href":"https:\/\/dev.taste-africa.com\/sv\/wp-json\/wp\/v2\/product\/7217\/revisions"}],"predecessor-version":[{"id":7409,"href":"https:\/\/dev.taste-africa.com\/sv\/wp-json\/wp\/v2\/product\/7217\/revisions\/7409"}],"wp:featuredmedia":[{"embeddable":true,"href":"https:\/\/dev.taste-africa.com\/sv\/wp-json\/wp\/v2\/media\/7204"}],"wp:attachment":[{"href":"https:\/\/dev.taste-africa.com\/sv\/wp-json\/wp\/v2\/media?parent=7217"}],"wp:term":[{"taxonomy":"product_cat","embeddable":true,"href":"https:\/\/dev.taste-africa.com\/sv\/wp-json\/wp\/v2\/product_cat?post=7217"},{"taxonomy":"product_tag","embeddable":true,"href":"https:\/\/dev.taste-africa.com\/sv\/wp-json\/wp\/v2\/product_tag?post=7217"}],"curies":[{"name":"wp","href":"https:\/\/api.w.org\/{rel}","templated":true}]}}