{"id":7215,"date":"2022-07-04T07:22:45","date_gmt":"2022-07-04T07:22:45","guid":{"rendered":"https:\/\/dev.taste-africa.com\/?post_type=product&#038;p=7215"},"modified":"2022-08-10T06:12:50","modified_gmt":"2022-08-10T06:12:50","slug":"potjie-size-2-flat","status":"publish","type":"product","link":"https:\/\/dev.taste-africa.com\/sv\/productTRPLINKPROCESSED\/potjie-size-2-flat\/","title":{"rendered":"<p>Potjie storlek 2, platt<\/p>"},"content":{"rendered":"","protected":false},"excerpt":{"rendered":"<p>Potjie storlek 2, platt (6.0 L, 8 KG)<br>\nyttre diameter 25 cm, h\u00f6jd utan lock 15.5 cm<p>Den h\u00e4r grytan \u00e4r lagom f\u00f6r matlagning \u00f6ver eld f\u00f6r ungef\u00e4r 2-6 personer. Den tillverkas med platt botten utan ben. Den h\u00e4r h\u00e4nger man upp eller s\u00e4tter p\u00e5 ett galler. De kan ocks\u00e5 st\u00e5 p\u00e5 en st\u00e4llning som \u00e4r flyttbar, s\u00e5 v\u00e4rmen kan varieras.<\/p><\/p>","protected":false},"featured_media":7197,"comment_status":"open","ping_status":"closed","template":"","meta":{"inline_featured_image":false},"product_cat":[146],"product_tag":[],"class_list":["post-7215","product","type-product","status-publish","has-post-thumbnail","hentry","product_cat-pots"],"_links":{"self":[{"href":"https:\/\/dev.taste-africa.com\/sv\/wp-json\/wp\/v2\/product\/7215","targetHints":{"allow":["GET"]}}],"collection":[{"href":"https:\/\/dev.taste-africa.com\/sv\/wp-json\/wp\/v2\/product"}],"about":[{"href":"https:\/\/dev.taste-africa.com\/sv\/wp-json\/wp\/v2\/types\/product"}],"replies":[{"embeddable":true,"href":"https:\/\/dev.taste-africa.com\/sv\/wp-json\/wp\/v2\/comments?post=7215"}],"version-history":[{"count":3,"href":"https:\/\/dev.taste-africa.com\/sv\/wp-json\/wp\/v2\/product\/7215\/revisions"}],"predecessor-version":[{"id":7411,"href":"https:\/\/dev.taste-africa.com\/sv\/wp-json\/wp\/v2\/product\/7215\/revisions\/7411"}],"wp:featuredmedia":[{"embeddable":true,"href":"https:\/\/dev.taste-africa.com\/sv\/wp-json\/wp\/v2\/media\/7197"}],"wp:attachment":[{"href":"https:\/\/dev.taste-africa.com\/sv\/wp-json\/wp\/v2\/media?parent=7215"}],"wp:term":[{"taxonomy":"product_cat","embeddable":true,"href":"https:\/\/dev.taste-africa.com\/sv\/wp-json\/wp\/v2\/product_cat?post=7215"},{"taxonomy":"product_tag","embeddable":true,"href":"https:\/\/dev.taste-africa.com\/sv\/wp-json\/wp\/v2\/product_tag?post=7215"}],"curies":[{"name":"wp","href":"https:\/\/api.w.org\/{rel}","templated":true}]}}