{"id":7214,"date":"2022-07-04T07:22:33","date_gmt":"2022-07-04T07:22:33","guid":{"rendered":"https:\/\/dev.taste-africa.com\/?post_type=product&#038;p=7214"},"modified":"2022-08-11T06:44:22","modified_gmt":"2022-08-11T06:44:22","slug":"potjie-size-2-with-legs","status":"publish","type":"product","link":"https:\/\/dev.taste-africa.com\/sv\/productTRPLINKPROCESSED\/potjie-size-2-with-legs\/","title":{"rendered":"<p>Potjie storlek 2 med ben<\/p>"},"content":{"rendered":"","protected":false},"excerpt":{"rendered":"<p>Potjie storlek 2 med ben (6.0 L, 8 KG)<br>\nyttre diameter 25 cm, h\u00f6jd utan lock 24 cm<p>Den h\u00e4r grytan \u00e4r lagom f\u00f6r matlagning \u00f6ver eld f\u00f6r ungef\u00e4r 2-6 personer. Den st\u00e5r stadigt p\u00e5 tre ben. Med gl\u00f6dande kol under grytan och elden vid sidan om,  blir v\u00e4rmen j\u00e4mnare och grytan h\u00e5ller sig fin l\u00e4ngre.<\/p><\/p>","protected":false},"featured_media":7200,"comment_status":"open","ping_status":"closed","template":"","meta":{"inline_featured_image":false},"product_cat":[146],"product_tag":[],"class_list":["post-7214","product","type-product","status-publish","has-post-thumbnail","hentry","product_cat-pots"],"_links":{"self":[{"href":"https:\/\/dev.taste-africa.com\/sv\/wp-json\/wp\/v2\/product\/7214","targetHints":{"allow":["GET"]}}],"collection":[{"href":"https:\/\/dev.taste-africa.com\/sv\/wp-json\/wp\/v2\/product"}],"about":[{"href":"https:\/\/dev.taste-africa.com\/sv\/wp-json\/wp\/v2\/types\/product"}],"replies":[{"embeddable":true,"href":"https:\/\/dev.taste-africa.com\/sv\/wp-json\/wp\/v2\/comments?post=7214"}],"version-history":[{"count":4,"href":"https:\/\/dev.taste-africa.com\/sv\/wp-json\/wp\/v2\/product\/7214\/revisions"}],"predecessor-version":[{"id":7413,"href":"https:\/\/dev.taste-africa.com\/sv\/wp-json\/wp\/v2\/product\/7214\/revisions\/7413"}],"wp:featuredmedia":[{"embeddable":true,"href":"https:\/\/dev.taste-africa.com\/sv\/wp-json\/wp\/v2\/media\/7200"}],"wp:attachment":[{"href":"https:\/\/dev.taste-africa.com\/sv\/wp-json\/wp\/v2\/media?parent=7214"}],"wp:term":[{"taxonomy":"product_cat","embeddable":true,"href":"https:\/\/dev.taste-africa.com\/sv\/wp-json\/wp\/v2\/product_cat?post=7214"},{"taxonomy":"product_tag","embeddable":true,"href":"https:\/\/dev.taste-africa.com\/sv\/wp-json\/wp\/v2\/product_tag?post=7214"}],"curies":[{"name":"wp","href":"https:\/\/api.w.org\/{rel}","templated":true}]}}