{"id":7213,"date":"2022-07-04T07:22:21","date_gmt":"2022-07-04T07:22:21","guid":{"rendered":"https:\/\/dev.taste-africa.com\/?post_type=product&#038;p=7213"},"modified":"2022-08-08T13:30:07","modified_gmt":"2022-08-08T13:30:07","slug":"potjie-size-1-with-legs","status":"publish","type":"product","link":"https:\/\/dev.taste-africa.com\/sv\/productTRPLINKPROCESSED\/potjie-size-1-with-legs\/","title":{"rendered":"<p>Potjie storlek 1 med ben<\/p>"},"content":{"rendered":"","protected":false},"excerpt":{"rendered":"<p>Potjie storlek 1, tre ben (3.0 L, 6 KG)<br>\nyttre diameter 21.5 cm, h\u00f6jd utan lock 21 cm<p>Den h\u00e4r grytan \u00e4r lagom f\u00f6r matlagning \u00f6ver eld f\u00f6r ungef\u00e4r 2-3 personer. Den \u00e4r l\u00e4tt att b\u00e4ra och passar ocks\u00e5 som en tillbeh\u00f6rsgryta till ett st\u00f6rre s\u00e4llskap (s\u00e5s, efterr\u00e4tt). Den \u00e4r ocks\u00e5 j\u00e4tte fin som en fonduegryta med en br\u00e4nnare under.<\/p><\/p>","protected":false},"featured_media":7199,"comment_status":"open","ping_status":"closed","template":"","meta":{"inline_featured_image":false},"product_cat":[146],"product_tag":[],"class_list":["post-7213","product","type-product","status-publish","has-post-thumbnail","hentry","product_cat-pots"],"_links":{"self":[{"href":"https:\/\/dev.taste-africa.com\/sv\/wp-json\/wp\/v2\/product\/7213","targetHints":{"allow":["GET"]}}],"collection":[{"href":"https:\/\/dev.taste-africa.com\/sv\/wp-json\/wp\/v2\/product"}],"about":[{"href":"https:\/\/dev.taste-africa.com\/sv\/wp-json\/wp\/v2\/types\/product"}],"replies":[{"embeddable":true,"href":"https:\/\/dev.taste-africa.com\/sv\/wp-json\/wp\/v2\/comments?post=7213"}],"version-history":[{"count":5,"href":"https:\/\/dev.taste-africa.com\/sv\/wp-json\/wp\/v2\/product\/7213\/revisions"}],"predecessor-version":[{"id":7408,"href":"https:\/\/dev.taste-africa.com\/sv\/wp-json\/wp\/v2\/product\/7213\/revisions\/7408"}],"wp:featuredmedia":[{"embeddable":true,"href":"https:\/\/dev.taste-africa.com\/sv\/wp-json\/wp\/v2\/media\/7199"}],"wp:attachment":[{"href":"https:\/\/dev.taste-africa.com\/sv\/wp-json\/wp\/v2\/media?parent=7213"}],"wp:term":[{"taxonomy":"product_cat","embeddable":true,"href":"https:\/\/dev.taste-africa.com\/sv\/wp-json\/wp\/v2\/product_cat?post=7213"},{"taxonomy":"product_tag","embeddable":true,"href":"https:\/\/dev.taste-africa.com\/sv\/wp-json\/wp\/v2\/product_tag?post=7213"}],"curies":[{"name":"wp","href":"https:\/\/api.w.org\/{rel}","templated":true}]}}