{"id":4937,"date":"2021-05-31T09:53:21","date_gmt":"2021-05-31T09:53:21","guid":{"rendered":"https:\/\/dev.taste-africa.com\/?post_type=product&#038;p=4937"},"modified":"2022-05-30T06:24:22","modified_gmt":"2022-05-30T06:24:22","slug":"masala-spice-95g","status":"publish","type":"product","link":"https:\/\/dev.taste-africa.com\/sv\/productTRPLINKPROCESSED\/masala-spice-95g\/","title":{"rendered":"<p>Masala Spice &ndash; 95g<\/p>"},"content":{"rendered":"<p>Med Masala Spice kan du g\u00f6ra en av v\u00e5ra absolut popul\u00e4raste currygrytor. Masala betyder \n\u2019blandning\u2019 p\u00e5 Kiswahili och det \u00e4r en h\u00e4rlig blandning av olika aromatiska kryddor. Du blir \npositivt \u00f6verraskad varje g\u00e5ng du lagar den!<p class=\" translation-block\">Ingredienser: cayenne, koriander, gurkmeja, spiskummin, f\u00e4nk\u00e5l, bockhornskl\u00f6ver, ingef\u00e4ra, salt, <b>senap<\/b>, lagerblad, kanel, kryddnejlika, vitl\u00f6k, inga konserveringsmedel, smaktillsatser, eller f\u00e4rg\u00e4mnen. \u00d6ppnad f\u00f6rpackning f\u00f6rvaras svalt. F\u00f6rpackningen \u00e5tervinns som plastf\u00f6rpackning., 95 g netto<\/p><\/p>","protected":false},"excerpt":{"rendered":"<p>Med Masala Spice kan du g\u00f6ra en av v\u00e5ra absolut popul\u00e4raste currygrytor. Masala betyder \n\u2019blandning\u2019 p\u00e5 Kiswahili och det \u00e4r en h\u00e4rlig blandning av olika aromatiska kryddor. Du blir \npositivt \u00f6verraskad varje g\u00e5ng du lagar den!<p class=\" translation-block\">Ingredienser: cayenne, koriander, gurkmeja, spiskummin, f\u00e4nk\u00e5l, bockhornskl\u00f6ver, ingef\u00e4ra, salt, <b>senap<\/b>, lagerblad, kanel, kryddnejlika, vitl\u00f6k, inga konserveringsmedel, smaktillsatser, eller f\u00e4rg\u00e4mnen. \u00d6ppnad f\u00f6rpackning f\u00f6rvaras svalt. F\u00f6rpackningen \u00e5tervinns som plastf\u00f6rpackning., 95 g netto<\/p><\/p>","protected":false},"featured_media":6204,"comment_status":"open","ping_status":"closed","template":"","meta":{"inline_featured_image":false},"product_cat":[171,163],"product_tag":[],"class_list":["post-4937","product","type-product","status-publish","has-post-thumbnail","hentry","product_cat-taste-of-africa","product_cat-spice"],"_links":{"self":[{"href":"https:\/\/dev.taste-africa.com\/sv\/wp-json\/wp\/v2\/product\/4937","targetHints":{"allow":["GET"]}}],"collection":[{"href":"https:\/\/dev.taste-africa.com\/sv\/wp-json\/wp\/v2\/product"}],"about":[{"href":"https:\/\/dev.taste-africa.com\/sv\/wp-json\/wp\/v2\/types\/product"}],"replies":[{"embeddable":true,"href":"https:\/\/dev.taste-africa.com\/sv\/wp-json\/wp\/v2\/comments?post=4937"}],"version-history":[{"count":4,"href":"https:\/\/dev.taste-africa.com\/sv\/wp-json\/wp\/v2\/product\/4937\/revisions"}],"predecessor-version":[{"id":7100,"href":"https:\/\/dev.taste-africa.com\/sv\/wp-json\/wp\/v2\/product\/4937\/revisions\/7100"}],"wp:featuredmedia":[{"embeddable":true,"href":"https:\/\/dev.taste-africa.com\/sv\/wp-json\/wp\/v2\/media\/6204"}],"wp:attachment":[{"href":"https:\/\/dev.taste-africa.com\/sv\/wp-json\/wp\/v2\/media?parent=4937"}],"wp:term":[{"taxonomy":"product_cat","embeddable":true,"href":"https:\/\/dev.taste-africa.com\/sv\/wp-json\/wp\/v2\/product_cat?post=4937"},{"taxonomy":"product_tag","embeddable":true,"href":"https:\/\/dev.taste-africa.com\/sv\/wp-json\/wp\/v2\/product_tag?post=4937"}],"curies":[{"name":"wp","href":"https:\/\/api.w.org\/{rel}","templated":true}]}}