{"id":4931,"date":"2021-05-31T09:53:20","date_gmt":"2021-05-31T09:53:20","guid":{"rendered":"https:\/\/dev.taste-africa.com\/?post_type=product&#038;p=4931"},"modified":"2022-10-20T07:48:44","modified_gmt":"2022-10-20T07:48:44","slug":"curry-spice-95g","status":"publish","type":"product","link":"https:\/\/dev.taste-africa.com\/sv\/productTRPLINKPROCESSED\/curry-spice-95g\/","title":{"rendered":"<p>Curry Spice &ndash; 95g<\/p>"},"content":{"rendered":"<p>Curry Spice g\u00e5r att anv\u00e4nda till vilken curryr\u00e4tt som helst, men prova den g\u00e4rna i fantastiska Safrican Curry! Det doftar gott i k\u00f6ket av koriander, spiskummin, kryddnejlikor, kanel och ingef\u00e4ra. Mycket gr\u00f6nsaker tillsammans med - kyckling - n\u00f6tf\u00e4rs - eller fisk om du vill. Ursprunget f\u00f6r denna kryddblandning \u00e4r det sydafrikanska Cape-Malay k\u00f6ket och curryn serveras i Sydafrika ofta med traditionella tillbeh\u00f6r, se n\u00e5gra f\u00f6rslag nedan.<p class=\" translation-block\">Ingredienser: cayenne, mynta, gurkmeja, salt, kanel, spiskummin, kryddnejlika, f\u00e4nk\u00e5l, anis, vitl\u00f6k, ingef\u00e4ra, <b>senap<\/b>, bockhornskl\u00f6ver, lagerblad, inga konserveringsmedel smaktillsatser, eller f\u00e4rg\u00e4mnen. \u00d6ppnad f\u00f6rpackning f\u00f6rvaras svalt. F\u00f6rpackningen \u00e5tervinns som plastf\u00f6rpackning., 95 g netto<\/p><\/p>","protected":false},"excerpt":{"rendered":"<p>Curry Spice g\u00e5r att anv\u00e4nda till vilken curryr\u00e4tt som helst, men prova den g\u00e4rna i fantastiska Safrican Curry! Det doftar gott i k\u00f6ket av koriander, spiskummin, kryddnejlikor, kanel och ingef\u00e4ra. Mycket gr\u00f6nsaker tillsammans med - kyckling - n\u00f6tf\u00e4rs - eller fisk om du vill. Ursprunget f\u00f6r denna kryddblandning \u00e4r det sydafrikanska Cape-Malay k\u00f6ket och curryn serveras i Sydafrika ofta med traditionella tillbeh\u00f6r, se n\u00e5gra f\u00f6rslag nedan.<p class=\" translation-block\">Ingredienser: cayenne, mynta, gurkmeja, salt, kanel, spiskummin, kryddnejlika, f\u00e4nk\u00e5l, anis, vitl\u00f6k, ingef\u00e4ra, <b>senap<\/b>, bockhornskl\u00f6ver, lagerblad, inga konserveringsmedel smaktillsatser, eller f\u00e4rg\u00e4mnen. \u00d6ppnad f\u00f6rpackning f\u00f6rvaras svalt. F\u00f6rpackningen \u00e5tervinns som plastf\u00f6rpackning., 95 g netto<\/p><\/p>","protected":false},"featured_media":6208,"comment_status":"open","ping_status":"closed","template":"","meta":{"inline_featured_image":false},"product_cat":[171,163],"product_tag":[],"class_list":["post-4931","product","type-product","status-publish","has-post-thumbnail","hentry","product_cat-taste-of-africa","product_cat-spice"],"_links":{"self":[{"href":"https:\/\/dev.taste-africa.com\/sv\/wp-json\/wp\/v2\/product\/4931","targetHints":{"allow":["GET"]}}],"collection":[{"href":"https:\/\/dev.taste-africa.com\/sv\/wp-json\/wp\/v2\/product"}],"about":[{"href":"https:\/\/dev.taste-africa.com\/sv\/wp-json\/wp\/v2\/types\/product"}],"replies":[{"embeddable":true,"href":"https:\/\/dev.taste-africa.com\/sv\/wp-json\/wp\/v2\/comments?post=4931"}],"version-history":[{"count":3,"href":"https:\/\/dev.taste-africa.com\/sv\/wp-json\/wp\/v2\/product\/4931\/revisions"}],"predecessor-version":[{"id":7117,"href":"https:\/\/dev.taste-africa.com\/sv\/wp-json\/wp\/v2\/product\/4931\/revisions\/7117"}],"wp:featuredmedia":[{"embeddable":true,"href":"https:\/\/dev.taste-africa.com\/sv\/wp-json\/wp\/v2\/media\/6208"}],"wp:attachment":[{"href":"https:\/\/dev.taste-africa.com\/sv\/wp-json\/wp\/v2\/media?parent=4931"}],"wp:term":[{"taxonomy":"product_cat","embeddable":true,"href":"https:\/\/dev.taste-africa.com\/sv\/wp-json\/wp\/v2\/product_cat?post=4931"},{"taxonomy":"product_tag","embeddable":true,"href":"https:\/\/dev.taste-africa.com\/sv\/wp-json\/wp\/v2\/product_tag?post=4931"}],"curies":[{"name":"wp","href":"https:\/\/api.w.org\/{rel}","templated":true}]}}