{"id":4902,"date":"2021-05-31T09:33:44","date_gmt":"2021-05-31T09:33:44","guid":{"rendered":"https:\/\/dev.taste-africa.com\/?post_type=product&#038;p=4902"},"modified":"2022-05-31T06:15:14","modified_gmt":"2022-05-31T06:15:14","slug":"kalahari-red-natural-rooibos","status":"publish","type":"product","link":"https:\/\/dev.taste-africa.com\/sv\/productTRPLINKPROCESSED\/kalahari-red-natural-rooibos\/","title":{"rendered":"<p>Kalahari Red - naturellt rooibos<\/p>"},"content":{"rendered":"<p>Detta bushtea, som \u00e4r av \"first grade\", anv\u00e4nds som grund till alla v\u00e5ra smaksatta bushteer. F\u00f6r er som \u00e4lskar naturellt rooibos \u00e4r det ett underbart te - just precis s\u00e5.<p class=\" translation-block\">Ingredienser: torkade blad av rooibos <i>(Asphalatus linearis)<\/i>. Inneh\u00e5ller inga konserveringsmedel, smak\u00e4mnen eller f\u00e4rg\u00e4mnen. Kommer att beh\u00e5lla sina unika smaker och kvalitet om det f\u00f6rvaras svalt och torrt. \u00c5tervinn pappersp\u00e5sen, avl\u00e4gsna plastetiketten. Nettovikt: 100 g. Tillverkad i South Africa endast f\u00f6r Taste of Africa<\/p><\/p>","protected":false},"excerpt":{"rendered":"<p>Detta bushtea, som \u00e4r av \"first grade\", anv\u00e4nds som grund till alla v\u00e5ra smaksatta bushteer. F\u00f6r er som \u00e4lskar naturellt rooibos \u00e4r det ett underbart te - just precis s\u00e5.<p class=\" translation-block\">Ingredienser: torkade blad av rooibos <i>(Asphalatus linearis)<\/i>. Inneh\u00e5ller inga konserveringsmedel, smak\u00e4mnen eller f\u00e4rg\u00e4mnen. Kommer att beh\u00e5lla sina unika smaker och kvalitet om det f\u00f6rvaras svalt och torrt. \u00c5tervinn pappersp\u00e5sen, avl\u00e4gsna plastetiketten. Nettovikt: 100 g. Tillverkad i South Africa endast f\u00f6r Taste of Africa<\/p><\/p>","protected":false},"featured_media":6444,"comment_status":"open","ping_status":"closed","template":"","meta":{"inline_featured_image":false},"product_cat":[243,171,220],"product_tag":[],"class_list":["post-4902","product","type-product","status-publish","has-post-thumbnail","hentry","product_cat-natural-bushtea","product_cat-taste-of-africa","product_cat-bush-tea"],"_links":{"self":[{"href":"https:\/\/dev.taste-africa.com\/sv\/wp-json\/wp\/v2\/product\/4902","targetHints":{"allow":["GET"]}}],"collection":[{"href":"https:\/\/dev.taste-africa.com\/sv\/wp-json\/wp\/v2\/product"}],"about":[{"href":"https:\/\/dev.taste-africa.com\/sv\/wp-json\/wp\/v2\/types\/product"}],"replies":[{"embeddable":true,"href":"https:\/\/dev.taste-africa.com\/sv\/wp-json\/wp\/v2\/comments?post=4902"}],"version-history":[{"count":3,"href":"https:\/\/dev.taste-africa.com\/sv\/wp-json\/wp\/v2\/product\/4902\/revisions"}],"predecessor-version":[{"id":7108,"href":"https:\/\/dev.taste-africa.com\/sv\/wp-json\/wp\/v2\/product\/4902\/revisions\/7108"}],"wp:featuredmedia":[{"embeddable":true,"href":"https:\/\/dev.taste-africa.com\/sv\/wp-json\/wp\/v2\/media\/6444"}],"wp:attachment":[{"href":"https:\/\/dev.taste-africa.com\/sv\/wp-json\/wp\/v2\/media?parent=4902"}],"wp:term":[{"taxonomy":"product_cat","embeddable":true,"href":"https:\/\/dev.taste-africa.com\/sv\/wp-json\/wp\/v2\/product_cat?post=4902"},{"taxonomy":"product_tag","embeddable":true,"href":"https:\/\/dev.taste-africa.com\/sv\/wp-json\/wp\/v2\/product_tag?post=4902"}],"curies":[{"name":"wp","href":"https:\/\/api.w.org\/{rel}","templated":true}]}}