{"id":4895,"date":"2021-05-31T09:28:33","date_gmt":"2021-05-31T09:28:33","guid":{"rendered":"https:\/\/dev.taste-africa.com\/?post_type=product&#038;p=4895"},"modified":"2022-07-07T07:08:35","modified_gmt":"2022-07-07T07:08:35","slug":"zanzibar-rooibos-with-cloves-cinnamon-cardamum-ginger-black-pepper","status":"publish","type":"product","link":"https:\/\/dev.taste-africa.com\/sv\/productTRPLINKPROCESSED\/zanzibar-rooibos-with-cloves-cinnamon-cardamum-ginger-black-pepper\/","title":{"rendered":"<p>Zanzibar - rooibos med kryddnejlika, kanel, kardemumma, ingef\u00e4ra och svartpeppar<\/p>"},"content":{"rendered":"<p>Smaken i detta kryddiga bushtea kommer from Zanzibar, d\u00e4r varje Caf\u00e9 doftar f\u00f6rf\u00f6riskt av kryddor. Detta \u00e4r v\u00e5rt r\u00f6da chai och det \u00e4r utm\u00e4rkt f\u00f6r att g\u00f6ra en chai latte om du vill.<p class=\" translation-block\">Ingredienser: torkade blad av rooibos <i>(Asphalatus linearis)<\/i>, kryddnejlika, kanel, kardemumma, ingef\u00e4ra och svartpeppar. Inneh\u00e5ller inga konserveringsmedel, smak\u00e4mnen eller f\u00e4rg\u00e4mnen. Kommer att beh\u00e5lla sina unika smaker och kvalitet om det f\u00f6rvaras svalt och torrt. \u00c5tervinn pappersp\u00e5sen, avl\u00e4gsna plastetiketten. Nettovikt: 100 g. Tillverkad i South Africa endast f\u00f6r Taste of Africa.<\/p><\/p>","protected":false},"excerpt":{"rendered":"<p>Smaken i detta kryddiga bushtea kommer from Zanzibar, d\u00e4r varje Caf\u00e9 doftar f\u00f6rf\u00f6riskt av kryddor. Detta \u00e4r v\u00e5rt r\u00f6da chai och det \u00e4r utm\u00e4rkt f\u00f6r att g\u00f6ra en chai latte om du vill.<p class=\" translation-block\">Ingredienser: torkade blad av rooibos <i>(Asphalatus linearis)<\/i>, kryddnejlika, kanel, kardemumma, ingef\u00e4ra och svartpeppar. Inneh\u00e5ller inga konserveringsmedel, smak\u00e4mnen eller f\u00e4rg\u00e4mnen. Kommer att beh\u00e5lla sina unika smaker och kvalitet om det f\u00f6rvaras svalt och torrt. \u00c5tervinn pappersp\u00e5sen, avl\u00e4gsna plastetiketten. Nettovikt: 100 g. Tillverkad i South Africa endast f\u00f6r Taste of Africa.<\/p><\/p>","protected":false},"featured_media":6440,"comment_status":"open","ping_status":"closed","template":"","meta":{"inline_featured_image":false},"product_cat":[242,171,220],"product_tag":[],"class_list":["post-4895","product","type-product","status-publish","has-post-thumbnail","hentry","product_cat-flavoured-bushtea","product_cat-taste-of-africa","product_cat-bush-tea"],"_links":{"self":[{"href":"https:\/\/dev.taste-africa.com\/sv\/wp-json\/wp\/v2\/product\/4895","targetHints":{"allow":["GET"]}}],"collection":[{"href":"https:\/\/dev.taste-africa.com\/sv\/wp-json\/wp\/v2\/product"}],"about":[{"href":"https:\/\/dev.taste-africa.com\/sv\/wp-json\/wp\/v2\/types\/product"}],"replies":[{"embeddable":true,"href":"https:\/\/dev.taste-africa.com\/sv\/wp-json\/wp\/v2\/comments?post=4895"}],"version-history":[{"count":3,"href":"https:\/\/dev.taste-africa.com\/sv\/wp-json\/wp\/v2\/product\/4895\/revisions"}],"predecessor-version":[{"id":7109,"href":"https:\/\/dev.taste-africa.com\/sv\/wp-json\/wp\/v2\/product\/4895\/revisions\/7109"}],"wp:featuredmedia":[{"embeddable":true,"href":"https:\/\/dev.taste-africa.com\/sv\/wp-json\/wp\/v2\/media\/6440"}],"wp:attachment":[{"href":"https:\/\/dev.taste-africa.com\/sv\/wp-json\/wp\/v2\/media?parent=4895"}],"wp:term":[{"taxonomy":"product_cat","embeddable":true,"href":"https:\/\/dev.taste-africa.com\/sv\/wp-json\/wp\/v2\/product_cat?post=4895"},{"taxonomy":"product_tag","embeddable":true,"href":"https:\/\/dev.taste-africa.com\/sv\/wp-json\/wp\/v2\/product_tag?post=4895"}],"curies":[{"name":"wp","href":"https:\/\/api.w.org\/{rel}","templated":true}]}}