{"id":4887,"date":"2021-05-31T09:26:54","date_gmt":"2021-05-31T09:26:54","guid":{"rendered":"https:\/\/dev.taste-africa.com\/?post_type=product&#038;p=4887"},"modified":"2022-06-15T08:48:19","modified_gmt":"2022-06-15T08:48:19","slug":"revenge-bushmans-chilli-sauces-125ml","status":"publish","type":"product","link":"https:\/\/dev.taste-africa.com\/sv\/productTRPLINKPROCESSED\/revenge-bushmans-chilli-sauces-125ml\/","title":{"rendered":"<p>Bushman's Revenge - V\u00e4rmeindex 15<\/p>"},"content":{"rendered":"<p>Varning\" st\u00e5r det p\u00e5 den h\u00e4r flaskan! Men l\u00e5t inte det skr\u00e4mma Dig! Bushman\u2019s Revenge\n\u00e4r en explosiv aromatisk s\u00e5s med fyllig smak. Hettan kan liknas vid ett stort b\u00e5l. Den\nuppenbarar sig lite l\u00e5ngsammare j\u00e4mf\u00f6rt med Hot Az Hell, men den varar l\u00e4ngre!<p class=\" translation-block\">Ingredienser: \u00e4ttika, mogna chilifrukter (40%), vatten, balsamvin\u00e4ger (inneh\u00e5ller konserveringsmedel <b>svaveldioxid<\/b>), \u00f6rtkryddor, solrosolja, kryddor, majsst\u00e4rkelse, konserveringsmedel kaliumsorbat (E202). Den h\u00e4r produkten \u00e4r v\u00e4ldigt stark och b\u00f6r ej f\u00f6rt\u00e4ras av sm\u00e5 barn. Undvik direktkontakt med huden. Volym (netto): 125 ml<\/p><\/p>","protected":false},"excerpt":{"rendered":"<p>Varning\" st\u00e5r det p\u00e5 den h\u00e4r flaskan! Men l\u00e5t inte det skr\u00e4mma Dig! Bushman\u2019s Revenge\n\u00e4r en explosiv aromatisk s\u00e5s med fyllig smak. Hettan kan liknas vid ett stort b\u00e5l. Den\nuppenbarar sig lite l\u00e5ngsammare j\u00e4mf\u00f6rt med Hot Az Hell, men den varar l\u00e4ngre!<p class=\" translation-block\">Ingredienser: \u00e4ttika, mogna chilifrukter (40%), vatten, balsamvin\u00e4ger (inneh\u00e5ller konserveringsmedel <b>svaveldioxid<\/b>), \u00f6rtkryddor, solrosolja, kryddor, majsst\u00e4rkelse, konserveringsmedel kaliumsorbat (E202). Den h\u00e4r produkten \u00e4r v\u00e4ldigt stark och b\u00f6r ej f\u00f6rt\u00e4ras av sm\u00e5 barn. Undvik direktkontakt med huden. Volym (netto): 125 ml<\/p><\/p>","protected":false},"featured_media":7149,"comment_status":"open","ping_status":"closed","template":"","meta":{"inline_featured_image":false},"product_cat":[152,159],"product_tag":[],"class_list":["post-4887","product","type-product","status-publish","has-post-thumbnail","hentry","product_cat-bushmans","product_cat-sauce"],"_links":{"self":[{"href":"https:\/\/dev.taste-africa.com\/sv\/wp-json\/wp\/v2\/product\/4887","targetHints":{"allow":["GET"]}}],"collection":[{"href":"https:\/\/dev.taste-africa.com\/sv\/wp-json\/wp\/v2\/product"}],"about":[{"href":"https:\/\/dev.taste-africa.com\/sv\/wp-json\/wp\/v2\/types\/product"}],"replies":[{"embeddable":true,"href":"https:\/\/dev.taste-africa.com\/sv\/wp-json\/wp\/v2\/comments?post=4887"}],"version-history":[{"count":4,"href":"https:\/\/dev.taste-africa.com\/sv\/wp-json\/wp\/v2\/product\/4887\/revisions"}],"predecessor-version":[{"id":7082,"href":"https:\/\/dev.taste-africa.com\/sv\/wp-json\/wp\/v2\/product\/4887\/revisions\/7082"}],"wp:featuredmedia":[{"embeddable":true,"href":"https:\/\/dev.taste-africa.com\/sv\/wp-json\/wp\/v2\/media\/7149"}],"wp:attachment":[{"href":"https:\/\/dev.taste-africa.com\/sv\/wp-json\/wp\/v2\/media?parent=4887"}],"wp:term":[{"taxonomy":"product_cat","embeddable":true,"href":"https:\/\/dev.taste-africa.com\/sv\/wp-json\/wp\/v2\/product_cat?post=4887"},{"taxonomy":"product_tag","embeddable":true,"href":"https:\/\/dev.taste-africa.com\/sv\/wp-json\/wp\/v2\/product_tag?post=4887"}],"curies":[{"name":"wp","href":"https:\/\/api.w.org\/{rel}","templated":true}]}}