{"id":4857,"date":"2021-05-17T14:30:43","date_gmt":"2021-05-17T14:30:43","guid":{"rendered":"https:\/\/dev.taste-africa.com\/?post_type=product&#038;p=4857"},"modified":"2022-07-07T06:58:57","modified_gmt":"2022-07-07T06:58:57","slug":"mrs-balls-original-recipe-chutney","status":"publish","type":"product","link":"https:\/\/dev.taste-africa.com\/sv\/productTRPLINKPROCESSED\/mrs-balls-original-recipe-chutney\/","title":{"rendered":"<p>Mrs Balls original recipe chutney<\/p>"},"content":{"rendered":"","protected":false},"excerpt":{"rendered":"<p>Det h\u00e4r \u00e4r den mildaste chutneyn som tillverkas enligt det ursprungliga receptet. Den blir l\u00e4tt barnens favorit!<p class=\" translation-block\">Ingredienser: socker, vatten, vin\u00e4ger, torkade persikor (14%) och aprikoser (2%), frukten inneh\u00e5ller konserveringsmedel <b>svaveldioxid<\/b>, modifierad majsst\u00e4rkelse (E1422), salt, f\u00e4rg\u00e4mne (E150d), chilifrukter. Nettovikt: 470 g. Kan inneh\u00e5lla sm\u00e5 k\u00e4rnbitar.<\/p><p><strong>This product is manufactured in a factory that processes wheat, gluten, cow's milk, egg, and soy.<\/strong><\/p><\/p>","protected":false},"featured_media":6512,"comment_status":"open","ping_status":"closed","template":"","meta":{"inline_featured_image":false},"product_cat":[147],"product_tag":[],"class_list":["post-4857","product","type-product","status-publish","has-post-thumbnail","hentry","product_cat-chutney"],"_links":{"self":[{"href":"https:\/\/dev.taste-africa.com\/sv\/wp-json\/wp\/v2\/product\/4857","targetHints":{"allow":["GET"]}}],"collection":[{"href":"https:\/\/dev.taste-africa.com\/sv\/wp-json\/wp\/v2\/product"}],"about":[{"href":"https:\/\/dev.taste-africa.com\/sv\/wp-json\/wp\/v2\/types\/product"}],"replies":[{"embeddable":true,"href":"https:\/\/dev.taste-africa.com\/sv\/wp-json\/wp\/v2\/comments?post=4857"}],"version-history":[{"count":5,"href":"https:\/\/dev.taste-africa.com\/sv\/wp-json\/wp\/v2\/product\/4857\/revisions"}],"predecessor-version":[{"id":7260,"href":"https:\/\/dev.taste-africa.com\/sv\/wp-json\/wp\/v2\/product\/4857\/revisions\/7260"}],"wp:featuredmedia":[{"embeddable":true,"href":"https:\/\/dev.taste-africa.com\/sv\/wp-json\/wp\/v2\/media\/6512"}],"wp:attachment":[{"href":"https:\/\/dev.taste-africa.com\/sv\/wp-json\/wp\/v2\/media?parent=4857"}],"wp:term":[{"taxonomy":"product_cat","embeddable":true,"href":"https:\/\/dev.taste-africa.com\/sv\/wp-json\/wp\/v2\/product_cat?post=4857"},{"taxonomy":"product_tag","embeddable":true,"href":"https:\/\/dev.taste-africa.com\/sv\/wp-json\/wp\/v2\/product_tag?post=4857"}],"curies":[{"name":"wp","href":"https:\/\/api.w.org\/{rel}","templated":true}]}}