{"id":4853,"date":"2021-05-17T14:30:41","date_gmt":"2021-05-17T14:30:41","guid":{"rendered":"https:\/\/dev.taste-africa.com\/?post_type=product&#038;p=4853"},"modified":"2022-07-07T06:59:01","modified_gmt":"2022-07-07T06:59:01","slug":"mrs-balls-hot-chutney","status":"publish","type":"product","link":"https:\/\/dev.taste-africa.com\/sv\/productTRPLINKPROCESSED\/mrs-balls-hot-chutney\/","title":{"rendered":"<p>Mrs Balls het chutney<\/p>"},"content":{"rendered":"","protected":false},"excerpt":{"rendered":"<p>Den h\u00e4r chutneyn \u00e4r inte s\u00e5 stark som namnet antyder. Den \u00e4r mindre s\u00f6t \u00e4n original-chutneyn och den \u00e4r aningen kryddigare.<p class=\" translation-block\">Ingredienser: socker, vatten, vin\u00e4ger, torkade persikor (12%) och aprikoser (4%), frukten inneh\u00e5ller konserveringsmedel <b>svaveldioxid<\/b>, modifierad majsst\u00e4rkelse (E1422), salt, Worcestershire sauce (vatten, vin\u00e4ger, sirap, socker, f\u00e4rg\u00e4mne (E150d), salt, l\u00f6k, vitl\u00f6k, chilifrukter), f\u00e4rg\u00e4mne (E150d), chilifrukter. Nettovikt: 470 g. Kan inneh\u00e5lla sm\u00e5 k\u00e4rnbitar.<\/p><p><strong>This product is manufactured in a factory that processes wheat, gluten, cow's milk, egg, and soy.<\/strong><\/p><\/p>","protected":false},"featured_media":6513,"comment_status":"open","ping_status":"closed","template":"","meta":{"inline_featured_image":false},"product_cat":[147],"product_tag":[],"class_list":["post-4853","product","type-product","status-publish","has-post-thumbnail","hentry","product_cat-chutney"],"_links":{"self":[{"href":"https:\/\/dev.taste-africa.com\/sv\/wp-json\/wp\/v2\/product\/4853","targetHints":{"allow":["GET"]}}],"collection":[{"href":"https:\/\/dev.taste-africa.com\/sv\/wp-json\/wp\/v2\/product"}],"about":[{"href":"https:\/\/dev.taste-africa.com\/sv\/wp-json\/wp\/v2\/types\/product"}],"replies":[{"embeddable":true,"href":"https:\/\/dev.taste-africa.com\/sv\/wp-json\/wp\/v2\/comments?post=4853"}],"version-history":[{"count":5,"href":"https:\/\/dev.taste-africa.com\/sv\/wp-json\/wp\/v2\/product\/4853\/revisions"}],"predecessor-version":[{"id":7261,"href":"https:\/\/dev.taste-africa.com\/sv\/wp-json\/wp\/v2\/product\/4853\/revisions\/7261"}],"wp:featuredmedia":[{"embeddable":true,"href":"https:\/\/dev.taste-africa.com\/sv\/wp-json\/wp\/v2\/media\/6513"}],"wp:attachment":[{"href":"https:\/\/dev.taste-africa.com\/sv\/wp-json\/wp\/v2\/media?parent=4853"}],"wp:term":[{"taxonomy":"product_cat","embeddable":true,"href":"https:\/\/dev.taste-africa.com\/sv\/wp-json\/wp\/v2\/product_cat?post=4853"},{"taxonomy":"product_tag","embeddable":true,"href":"https:\/\/dev.taste-africa.com\/sv\/wp-json\/wp\/v2\/product_tag?post=4853"}],"curies":[{"name":"wp","href":"https:\/\/api.w.org\/{rel}","templated":true}]}}