{"id":4846,"date":"2021-05-17T13:04:41","date_gmt":"2021-05-17T13:04:41","guid":{"rendered":"https:\/\/dev.taste-africa.com\/?post_type=product&#038;p=4846"},"modified":"2022-10-20T07:48:50","modified_gmt":"2022-10-20T07:48:50","slug":"chilli-with-apricots-peaches","status":"publish","type":"product","link":"https:\/\/dev.taste-africa.com\/sv\/productTRPLINKPROCESSED\/chilli-with-apricots-peaches\/","title":{"rendered":"<p>Amelias chutney, chilli med aprikoser och persikor 260 ml<\/p>"},"content":{"rendered":"","protected":false},"excerpt":{"rendered":"<p>Amelias chilichutney \u00e4r v\u00e5r hetaste chutney. Hettan kommer av f\u00e4rska habanerochilifrukter och kryddigheten liknar den hos het och mild Amelias chutney. Den h\u00e4r chutneyn \u00e4r h\u00e4rlig att anv\u00e4nda i Taste of Africas soliga potatissallad - recept nedan.<p class=\" translation-block\">Ingredienser: k\u00e4llvatten, socker, vitvinsvin\u00e4ger, torkade persikor (10%) &amp; aprikoser (5%), frukten inneh\u00e5ller konserveringsmedel <b>svaveldioxid<\/b> , l\u00f6k, kryddor, chilifrukter (1.5%), havssalt. Volym (netto): 260 ml<\/p><\/p>","protected":false},"featured_media":7014,"comment_status":"open","ping_status":"closed","template":"","meta":{"inline_featured_image":false},"product_cat":[212],"product_tag":[],"class_list":["post-4846","product","type-product","status-publish","has-post-thumbnail","hentry","product_cat-amelias-chutney"],"_links":{"self":[{"href":"https:\/\/dev.taste-africa.com\/sv\/wp-json\/wp\/v2\/product\/4846","targetHints":{"allow":["GET"]}}],"collection":[{"href":"https:\/\/dev.taste-africa.com\/sv\/wp-json\/wp\/v2\/product"}],"about":[{"href":"https:\/\/dev.taste-africa.com\/sv\/wp-json\/wp\/v2\/types\/product"}],"replies":[{"embeddable":true,"href":"https:\/\/dev.taste-africa.com\/sv\/wp-json\/wp\/v2\/comments?post=4846"}],"version-history":[{"count":11,"href":"https:\/\/dev.taste-africa.com\/sv\/wp-json\/wp\/v2\/product\/4846\/revisions"}],"predecessor-version":[{"id":7252,"href":"https:\/\/dev.taste-africa.com\/sv\/wp-json\/wp\/v2\/product\/4846\/revisions\/7252"}],"wp:featuredmedia":[{"embeddable":true,"href":"https:\/\/dev.taste-africa.com\/sv\/wp-json\/wp\/v2\/media\/7014"}],"wp:attachment":[{"href":"https:\/\/dev.taste-africa.com\/sv\/wp-json\/wp\/v2\/media?parent=4846"}],"wp:term":[{"taxonomy":"product_cat","embeddable":true,"href":"https:\/\/dev.taste-africa.com\/sv\/wp-json\/wp\/v2\/product_cat?post=4846"},{"taxonomy":"product_tag","embeddable":true,"href":"https:\/\/dev.taste-africa.com\/sv\/wp-json\/wp\/v2\/product_tag?post=4846"}],"curies":[{"name":"wp","href":"https:\/\/api.w.org\/{rel}","templated":true}]}}