{"id":4842,"date":"2021-05-17T13:04:39","date_gmt":"2021-05-17T13:04:39","guid":{"rendered":"https:\/\/dev.taste-africa.com\/?post_type=product&#038;p=4842"},"modified":"2022-07-07T06:12:46","modified_gmt":"2022-07-07T06:12:46","slug":"mild-with-apricots-peaches","status":"publish","type":"product","link":"https:\/\/dev.taste-africa.com\/sv\/productTRPLINKPROCESSED\/mild-with-apricots-peaches\/","title":{"rendered":"<p>Amelias chutney, mild med aprikoser och persikor 260 ml<\/p>"},"content":{"rendered":"","protected":false},"excerpt":{"rendered":"<p>Om du har smakat chutney f\u00f6rut, t ex. indisk mango chutney, s\u00e5 kommer den h\u00e4r chutneyn k\u00e4nnas lite mindre s\u00f6t och mindre kladdig, lite mer som en sylt i konsistensen. Aprikoserna i den h\u00e4r milda chutneyn ger en lite l\u00e4tt syrlig ton i smaken och med den fina milda kryddigheten passar den bra att servera som ett tillbeh\u00f6r till varm mat. Vi anv\u00e4nder ocks\u00e5 mild Amelias chutney till m\u00e5nga grytor, varma och kalla s\u00e5ser och marinader. P\u00e5 sommaren anv\u00e4nder vi g\u00e4rna chutney som smaks\u00e4ttare t ex i en potatis- eller pastasallad. Vi ger dig ett s\u00e5dant recept h\u00e4r nedan!<p class=\" translation-block\">Ingredienser: k\u00e4llvatten, socker, vitvinsvin\u00e4ger, torkade persikor (10%) &amp; aprikoser (5%), frukten inneh\u00e5ller konserveringsmedel <b>svaveldioxid<\/b>, l\u00f6k, kryddor, havssalt. Volym (netto): 260 ml<\/p><\/p>","protected":false},"featured_media":7016,"comment_status":"open","ping_status":"closed","template":"","meta":{"inline_featured_image":false},"product_cat":[212],"product_tag":[],"class_list":["post-4842","product","type-product","status-publish","has-post-thumbnail","hentry","product_cat-amelias-chutney"],"_links":{"self":[{"href":"https:\/\/dev.taste-africa.com\/sv\/wp-json\/wp\/v2\/product\/4842","targetHints":{"allow":["GET"]}}],"collection":[{"href":"https:\/\/dev.taste-africa.com\/sv\/wp-json\/wp\/v2\/product"}],"about":[{"href":"https:\/\/dev.taste-africa.com\/sv\/wp-json\/wp\/v2\/types\/product"}],"replies":[{"embeddable":true,"href":"https:\/\/dev.taste-africa.com\/sv\/wp-json\/wp\/v2\/comments?post=4842"}],"version-history":[{"count":10,"href":"https:\/\/dev.taste-africa.com\/sv\/wp-json\/wp\/v2\/product\/4842\/revisions"}],"predecessor-version":[{"id":7255,"href":"https:\/\/dev.taste-africa.com\/sv\/wp-json\/wp\/v2\/product\/4842\/revisions\/7255"}],"wp:featuredmedia":[{"embeddable":true,"href":"https:\/\/dev.taste-africa.com\/sv\/wp-json\/wp\/v2\/media\/7016"}],"wp:attachment":[{"href":"https:\/\/dev.taste-africa.com\/sv\/wp-json\/wp\/v2\/media?parent=4842"}],"wp:term":[{"taxonomy":"product_cat","embeddable":true,"href":"https:\/\/dev.taste-africa.com\/sv\/wp-json\/wp\/v2\/product_cat?post=4842"},{"taxonomy":"product_tag","embeddable":true,"href":"https:\/\/dev.taste-africa.com\/sv\/wp-json\/wp\/v2\/product_tag?post=4842"}],"curies":[{"name":"wp","href":"https:\/\/api.w.org\/{rel}","templated":true}]}}