{"id":3047,"date":"2021-04-20T14:42:16","date_gmt":"2021-04-20T14:42:16","guid":{"rendered":"https:\/\/dev.taste-africa.com\/?post_type=product&#038;p=3047"},"modified":"2022-07-07T06:12:11","modified_gmt":"2022-07-07T06:12:11","slug":"amelias-chutney-260ml","status":"publish","type":"product","link":"https:\/\/dev.taste-africa.com\/sv\/productTRPLINKPROCESSED\/amelias-chutney-260ml\/","title":{"rendered":"<p>Amelias chutney, het med aprikoser och persikor 260 ml<\/p>"},"content":{"rendered":"","protected":false},"excerpt":{"rendered":"<p>Den heta chutneyn \u00e4r aningen hetare \u00e4n den milda utan att vara v\u00e4ldigt stark. Den kan \nanv\u00e4ndas som ett tillbeh\u00f6r precis som den milda, men anv\u00e4nds ofta i v\u00e5rt k\u00f6k som \nsmaks\u00e4ttare i grytor, soppor, s\u00e5ser och marinader. Eller varf\u00f6r inte g\u00f6ra ett ljuvligt \naromsm\u00f6r med riktigt sm\u00f6r, vitl\u00f6k, \u00f6rtkryddor och chutney?<p class=\" translation-block\">Ingredienser: k\u00e4llvatten, socker, vitvinsvin\u00e4ger, torkade persikor (10%) &amp; aprikoser (5%), frukten inneh\u00e5ller konserveringsmedel <b>svaveldioxid<\/b>, l\u00f6k, kryddor, chilifrukter (1.5%), havssalt. Volym (netto): 260 ml<\/p><\/p>","protected":false},"featured_media":7015,"comment_status":"open","ping_status":"closed","template":"","meta":{"inline_featured_image":false},"product_cat":[212],"product_tag":[],"class_list":["post-3047","product","type-product","status-publish","has-post-thumbnail","hentry","product_cat-amelias-chutney"],"_links":{"self":[{"href":"https:\/\/dev.taste-africa.com\/sv\/wp-json\/wp\/v2\/product\/3047","targetHints":{"allow":["GET"]}}],"collection":[{"href":"https:\/\/dev.taste-africa.com\/sv\/wp-json\/wp\/v2\/product"}],"about":[{"href":"https:\/\/dev.taste-africa.com\/sv\/wp-json\/wp\/v2\/types\/product"}],"replies":[{"embeddable":true,"href":"https:\/\/dev.taste-africa.com\/sv\/wp-json\/wp\/v2\/comments?post=3047"}],"version-history":[{"count":17,"href":"https:\/\/dev.taste-africa.com\/sv\/wp-json\/wp\/v2\/product\/3047\/revisions"}],"predecessor-version":[{"id":7254,"href":"https:\/\/dev.taste-africa.com\/sv\/wp-json\/wp\/v2\/product\/3047\/revisions\/7254"}],"wp:featuredmedia":[{"embeddable":true,"href":"https:\/\/dev.taste-africa.com\/sv\/wp-json\/wp\/v2\/media\/7015"}],"wp:attachment":[{"href":"https:\/\/dev.taste-africa.com\/sv\/wp-json\/wp\/v2\/media?parent=3047"}],"wp:term":[{"taxonomy":"product_cat","embeddable":true,"href":"https:\/\/dev.taste-africa.com\/sv\/wp-json\/wp\/v2\/product_cat?post=3047"},{"taxonomy":"product_tag","embeddable":true,"href":"https:\/\/dev.taste-africa.com\/sv\/wp-json\/wp\/v2\/product_tag?post=3047"}],"curies":[{"name":"wp","href":"https:\/\/api.w.org\/{rel}","templated":true}]}}