{"id":2980,"date":"2021-04-20T13:29:49","date_gmt":"2021-04-20T13:29:49","guid":{"rendered":"https:\/\/dev.taste-africa.com\/?post_type=product&#038;p=2980"},"modified":"2022-05-30T06:23:59","modified_gmt":"2022-05-30T06:23:59","slug":"taste-of-africa-spice-95g","status":"publish","type":"product","link":"https:\/\/dev.taste-africa.com\/sv\/productTRPLINKPROCESSED\/taste-of-africa-spice-95g\/","title":{"rendered":"<p>Berbere Spice- 95g<\/p>"},"content":{"rendered":"<p>Taste of Africas egen Berbere - en sp\u00e4nnande chilikrydda fr\u00e5n Afrikas horn. Hemligheten \u00e4r att kryddorna rostas &amp; att de ska koka minst 1,5 timme f\u00f6r att de r\u00e4tta smakerna ska komma fram. Det f\u00e5r ta lite tid! Den h\u00e4r kryddblandningen ger en h\u00e4rlig mustighet till grytor ska koka en stund, g\u00e4rna i kombination med tomater och l\u00f6k. V\u00e5rt favoritrecept \u00e4r Doro Wat, en kycklinggryta med ursprung i Eritrea &amp; Etiopien. Som alltid ger vi den en egen twist!<p>Ingredienser: cayenne, paprika, svart peppar, ingef\u00e4ra, salt, koriander, kardemumma, bockhornskl\u00f6ver, muskotn\u00f6t, kryddnejlika, kryddpeppar, kanel, inga konserveringsmedel, tillsatser &amp; eller f\u00e4rg\u00e4mnen. \u00d6ppnad f\u00f6rpackning f\u00f6rvaras svalt. F\u00f6rpackningen \u00e5tervinns som plastf\u00f6rpackning., 95 g netto<\/p><\/p>","protected":false},"excerpt":{"rendered":"<p>Taste of Africas egen Berbere - en sp\u00e4nnande chilikrydda fr\u00e5n Afrikas horn. Hemligheten \u00e4r att kryddorna rostas &amp; att de ska koka minst 1,5 timme f\u00f6r att de r\u00e4tta smakerna ska komma fram. Det f\u00e5r ta lite tid! Den h\u00e4r kryddblandningen ger en h\u00e4rlig mustighet till grytor ska koka en stund, g\u00e4rna i kombination med tomater och l\u00f6k. V\u00e5rt favoritrecept \u00e4r Doro Wat, en kycklinggryta med ursprung i Eritrea &amp; Etiopien. Som alltid ger vi den en egen twist!<p>Ingredienser: cayenne, paprika, svart peppar, ingef\u00e4ra, salt, koriander, kardemumma, bockhornskl\u00f6ver, muskotn\u00f6t, kryddnejlika, kryddpeppar, kanel, inga konserveringsmedel, tillsatser &amp; eller f\u00e4rg\u00e4mnen. \u00d6ppnad f\u00f6rpackning f\u00f6rvaras svalt. F\u00f6rpackningen \u00e5tervinns som plastf\u00f6rpackning., 95 g netto<\/p><\/p>","protected":false},"featured_media":6210,"comment_status":"open","ping_status":"closed","template":"","meta":{"inline_featured_image":false},"product_cat":[171,163],"product_tag":[],"class_list":["post-2980","product","type-product","status-publish","has-post-thumbnail","hentry","product_cat-taste-of-africa","product_cat-spice"],"_links":{"self":[{"href":"https:\/\/dev.taste-africa.com\/sv\/wp-json\/wp\/v2\/product\/2980","targetHints":{"allow":["GET"]}}],"collection":[{"href":"https:\/\/dev.taste-africa.com\/sv\/wp-json\/wp\/v2\/product"}],"about":[{"href":"https:\/\/dev.taste-africa.com\/sv\/wp-json\/wp\/v2\/types\/product"}],"replies":[{"embeddable":true,"href":"https:\/\/dev.taste-africa.com\/sv\/wp-json\/wp\/v2\/comments?post=2980"}],"version-history":[{"count":6,"href":"https:\/\/dev.taste-africa.com\/sv\/wp-json\/wp\/v2\/product\/2980\/revisions"}],"predecessor-version":[{"id":7098,"href":"https:\/\/dev.taste-africa.com\/sv\/wp-json\/wp\/v2\/product\/2980\/revisions\/7098"}],"wp:featuredmedia":[{"embeddable":true,"href":"https:\/\/dev.taste-africa.com\/sv\/wp-json\/wp\/v2\/media\/6210"}],"wp:attachment":[{"href":"https:\/\/dev.taste-africa.com\/sv\/wp-json\/wp\/v2\/media?parent=2980"}],"wp:term":[{"taxonomy":"product_cat","embeddable":true,"href":"https:\/\/dev.taste-africa.com\/sv\/wp-json\/wp\/v2\/product_cat?post=2980"},{"taxonomy":"product_tag","embeddable":true,"href":"https:\/\/dev.taste-africa.com\/sv\/wp-json\/wp\/v2\/product_tag?post=2980"}],"curies":[{"name":"wp","href":"https:\/\/api.w.org\/{rel}","templated":true}]}}