{"id":2973,"date":"2021-04-20T13:17:22","date_gmt":"2021-04-20T13:17:22","guid":{"rendered":"https:\/\/dev.taste-africa.com\/?post_type=product&#038;p=2973"},"modified":"2022-07-07T06:52:34","modified_gmt":"2022-07-07T06:52:34","slug":"bushmans-paste-250g","status":"publish","type":"product","link":"https:\/\/dev.taste-africa.com\/sv\/productTRPLINKPROCESSED\/bushmans-paste-250g\/","title":{"rendered":"<p>Bushman's Harissa Paste, kryddpasta fr\u00e5n Afrika - V\u00e4rmeindex 4<\/p>"},"content":{"rendered":"","protected":false},"excerpt":{"rendered":"<p>Harissa \u00e4r en stark kryddblandning fr\u00e5n Nordafrika, som ofta anv\u00e4nds f\u00f6r att smaks\u00e4tta cous cous, men \u00e4r j\u00e4tte god i grytor, marinader, i kalla och varma s\u00e5ser och som ett tillbeh\u00f6r direkt till maten. Den kan inneh\u00e5lla lite olika ingredienser men alltid chili, spiskummin och vitl\u00f6k.<p class=\" translation-block\">Ingredienser: paprika, spiskummin, cayenne, vitl\u00f6kspulver, gurkmeja, tomatpur\u00e9, solrosolja, \u00e4ppelcidervin\u00e4ger <b>(svaveldioxid, konserveringsmedel)<\/b>, citronjuice, salt, kaliumsorbat (E202) (konserveringsmedel). F\u00f6rvaras svalt n\u00e4r den har \u00f6ppnats. Nettovikt: 250 g<\/p><\/p>","protected":false},"featured_media":7086,"comment_status":"open","ping_status":"closed","template":"","meta":{"inline_featured_image":false},"product_cat":[152,160],"product_tag":[],"class_list":["post-2973","product","type-product","status-publish","has-post-thumbnail","hentry","product_cat-bushmans","product_cat-paste"],"_links":{"self":[{"href":"https:\/\/dev.taste-africa.com\/sv\/wp-json\/wp\/v2\/product\/2973","targetHints":{"allow":["GET"]}}],"collection":[{"href":"https:\/\/dev.taste-africa.com\/sv\/wp-json\/wp\/v2\/product"}],"about":[{"href":"https:\/\/dev.taste-africa.com\/sv\/wp-json\/wp\/v2\/types\/product"}],"replies":[{"embeddable":true,"href":"https:\/\/dev.taste-africa.com\/sv\/wp-json\/wp\/v2\/comments?post=2973"}],"version-history":[{"count":10,"href":"https:\/\/dev.taste-africa.com\/sv\/wp-json\/wp\/v2\/product\/2973\/revisions"}],"predecessor-version":[{"id":7259,"href":"https:\/\/dev.taste-africa.com\/sv\/wp-json\/wp\/v2\/product\/2973\/revisions\/7259"}],"wp:featuredmedia":[{"embeddable":true,"href":"https:\/\/dev.taste-africa.com\/sv\/wp-json\/wp\/v2\/media\/7086"}],"wp:attachment":[{"href":"https:\/\/dev.taste-africa.com\/sv\/wp-json\/wp\/v2\/media?parent=2973"}],"wp:term":[{"taxonomy":"product_cat","embeddable":true,"href":"https:\/\/dev.taste-africa.com\/sv\/wp-json\/wp\/v2\/product_cat?post=2973"},{"taxonomy":"product_tag","embeddable":true,"href":"https:\/\/dev.taste-africa.com\/sv\/wp-json\/wp\/v2\/product_tag?post=2973"}],"curies":[{"name":"wp","href":"https:\/\/api.w.org\/{rel}","templated":true}]}}