{"id":2969,"date":"2021-04-20T13:12:03","date_gmt":"2021-04-20T13:12:03","guid":{"rendered":"https:\/\/dev.taste-africa.com\/?post_type=product&#038;p=2969"},"modified":"2022-05-24T06:36:44","modified_gmt":"2022-05-24T06:36:44","slug":"bushmans-mustard-250g","status":"publish","type":"product","link":"https:\/\/dev.taste-africa.com\/sv\/productTRPLINKPROCESSED\/bushmans-mustard-250g\/","title":{"rendered":"<p>Bushman's Chilisenap - V\u00e4rmeindex 6<\/p>"},"content":{"rendered":"<p>Bushman's Chilisenap \u00e4r en grovkorning senap med rund smak, som kittlar i munnen med\nlite chilihetta. Den liknar ingen annan senap du testat. Vissa senaps\u00e4lskare tycker att \"det\n\u00e4r mer en chilis\u00e5s \u00e4n en senap\"... Ja kanske det! Men om\u00e5ttligt popul\u00e4r \u00e4r den - som den \u00e4r\noch i s\u00e5ser, marinader &amp; sillinl\u00e4ggningar. Ge oss g\u00e4rna dina favortitrecept!<p class=\" translation-block\">Ingredienser: <b>senapsfr\u00f6n<\/b> (35%), \u00e4ttika, \u00e4ppelcidervin\u00e4ger, konserveringsmedel <b>svaveldioxid<\/b>, vatten, kryddor, \u00f6rtkryddor, socker, salt, solrosolja, mogna chilifrukter (2%), majsst\u00e4rkelse, konserveringsmedel kaliumsorbat (E202). Nettovikt: 250 g<\/p><\/p>","protected":false},"excerpt":{"rendered":"<p>Bushman's Chilisenap \u00e4r en grovkorning senap med rund smak, som kittlar i munnen med\nlite chilihetta. Den liknar ingen annan senap du testat. Vissa senaps\u00e4lskare tycker att \"det\n\u00e4r mer en chilis\u00e5s \u00e4n en senap\"... Ja kanske det! Men om\u00e5ttligt popul\u00e4r \u00e4r den - som den \u00e4r\noch i s\u00e5ser, marinader &amp; sillinl\u00e4ggningar. Ge oss g\u00e4rna dina favortitrecept!<p class=\" translation-block\">Ingredienser: <b>senapsfr\u00f6n<\/b> (35%), \u00e4ttika, \u00e4ppelcidervin\u00e4ger, konserveringsmedel <b>svaveldioxid<\/b>, vatten, kryddor, \u00f6rtkryddor, socker, salt, solrosolja, mogna chilifrukter (2%), majsst\u00e4rkelse, konserveringsmedel kaliumsorbat (E202). Nettovikt: 250 g<\/p><\/p>","protected":false},"featured_media":7084,"comment_status":"open","ping_status":"closed","template":"","meta":{"inline_featured_image":false},"product_cat":[152,158],"product_tag":[],"class_list":["post-2969","product","type-product","status-publish","has-post-thumbnail","hentry","product_cat-bushmans","product_cat-mustard"],"_links":{"self":[{"href":"https:\/\/dev.taste-africa.com\/sv\/wp-json\/wp\/v2\/product\/2969","targetHints":{"allow":["GET"]}}],"collection":[{"href":"https:\/\/dev.taste-africa.com\/sv\/wp-json\/wp\/v2\/product"}],"about":[{"href":"https:\/\/dev.taste-africa.com\/sv\/wp-json\/wp\/v2\/types\/product"}],"replies":[{"embeddable":true,"href":"https:\/\/dev.taste-africa.com\/sv\/wp-json\/wp\/v2\/comments?post=2969"}],"version-history":[{"count":10,"href":"https:\/\/dev.taste-africa.com\/sv\/wp-json\/wp\/v2\/product\/2969\/revisions"}],"predecessor-version":[{"id":7083,"href":"https:\/\/dev.taste-africa.com\/sv\/wp-json\/wp\/v2\/product\/2969\/revisions\/7083"}],"wp:featuredmedia":[{"embeddable":true,"href":"https:\/\/dev.taste-africa.com\/sv\/wp-json\/wp\/v2\/media\/7084"}],"wp:attachment":[{"href":"https:\/\/dev.taste-africa.com\/sv\/wp-json\/wp\/v2\/media?parent=2969"}],"wp:term":[{"taxonomy":"product_cat","embeddable":true,"href":"https:\/\/dev.taste-africa.com\/sv\/wp-json\/wp\/v2\/product_cat?post=2969"},{"taxonomy":"product_tag","embeddable":true,"href":"https:\/\/dev.taste-africa.com\/sv\/wp-json\/wp\/v2\/product_tag?post=2969"}],"curies":[{"name":"wp","href":"https:\/\/api.w.org\/{rel}","templated":true}]}}