{"id":2961,"date":"2021-04-20T12:58:20","date_gmt":"2021-04-20T12:58:20","guid":{"rendered":"https:\/\/dev.taste-africa.com\/?post_type=product&#038;p=2961"},"modified":"2022-07-10T13:04:33","modified_gmt":"2022-07-10T13:04:33","slug":"dynamite-bushmans-chilli-sauces-125ml","status":"publish","type":"product","link":"https:\/\/dev.taste-africa.com\/sv\/productTRPLINKPROCESSED\/dynamite-bushmans-chilli-sauces-125ml\/","title":{"rendered":"<p>Bushman's Dynamite - en exklusiv chilis\u00e5s med m\u00f6rk choklad<\/p>"},"content":{"rendered":"<p>Den h\u00e4r extremt heta chilis\u00e5sen liknar ingen annan Bushman-s\u00e5s och hamnar d\u00e4rf\u00f6r i en klass f\u00f6r sig! Den tillverkas av f\u00f6rstklassig habanero-chilipeppar och m\u00f6rk belgisk choklad som blandats och lagrats under 5 \u00e5r. Det h\u00e4r \u00e4r en s\u00e5s f\u00f6r dig som \u00e4lskar chili! K\u00e4nn en explosion i munnen med uttalad chilihetta, med fylligheten hos \u00e4kta m\u00f6rk choklad, fast med antydan av mogna plommon! I Sydafrika anv\u00e4nds Bushman\u2019s Dynamite p\u00e5 de mest popul\u00e4ra barerna till att blanda exklusiva cocktaildrinkar. Hos oss kan du smaka den n\u00e4r du lagar den underbara chokladss\u00e5sen 'chocolate sauce for chilli lovers' n\u00e4r du lagar mat med dina v\u00e4nner i Baobab Kitchen. Eller best\u00e4ller in v\u00e5r varma 'chilli hot chocolate' som vi g\u00f6r p\u00e5 mormors vis i Baobab Caf\u00e9.<p class=\" translation-block\">Ingredienser: habanero-chilipeppar (40%), balsamvin\u00e4ger (inneh\u00e5ller konserveringsmedel <b>svaveldioxid<\/b>), olivolja, vin\u00e4ger, belgisk choklad (70% kakao), kapsicumolja (2%), majsst\u00e4rkelse, konserveringsmedel kaliumsorbat (E202), kryddor, \u00f6rtkryddor, sirap, salt. Volym (netto): 125 ml<\/p><\/p>","protected":false},"excerpt":{"rendered":"<p>Den h\u00e4r extremt heta chilis\u00e5sen liknar ingen annan Bushman-s\u00e5s och hamnar d\u00e4rf\u00f6r i en klass f\u00f6r sig! Den tillverkas av f\u00f6rstklassig habanero-chilipeppar och m\u00f6rk belgisk choklad som blandats och lagrats under 5 \u00e5r. Det h\u00e4r \u00e4r en s\u00e5s f\u00f6r dig som \u00e4lskar chili! K\u00e4nn en explosion i munnen med uttalad chilihetta, med fylligheten hos \u00e4kta m\u00f6rk choklad, fast med antydan av mogna plommon! I Sydafrika anv\u00e4nds Bushman\u2019s Dynamite p\u00e5 de mest popul\u00e4ra barerna till att blanda exklusiva cocktaildrinkar. Hos oss kan du smaka den n\u00e4r du lagar den underbara chokladss\u00e5sen 'chocolate sauce for chilli lovers' n\u00e4r du lagar mat med dina v\u00e4nner i Baobab Kitchen. Eller best\u00e4ller in v\u00e5r varma 'chilli hot chocolate' som vi g\u00f6r p\u00e5 mormors vis i Baobab Caf\u00e9.<p class=\" translation-block\">Ingredienser: habanero-chilipeppar (40%), balsamvin\u00e4ger (inneh\u00e5ller konserveringsmedel <b>svaveldioxid<\/b>), olivolja, vin\u00e4ger, belgisk choklad (70% kakao), kapsicumolja (2%), majsst\u00e4rkelse, konserveringsmedel kaliumsorbat (E202), kryddor, \u00f6rtkryddor, sirap, salt. Volym (netto): 125 ml<\/p><\/p>","protected":false},"featured_media":5678,"comment_status":"open","ping_status":"closed","template":"","meta":{"inline_featured_image":false},"product_cat":[152,159],"product_tag":[],"class_list":["post-2961","product","type-product","status-publish","has-post-thumbnail","hentry","product_cat-bushmans","product_cat-sauce"],"_links":{"self":[{"href":"https:\/\/dev.taste-africa.com\/sv\/wp-json\/wp\/v2\/product\/2961","targetHints":{"allow":["GET"]}}],"collection":[{"href":"https:\/\/dev.taste-africa.com\/sv\/wp-json\/wp\/v2\/product"}],"about":[{"href":"https:\/\/dev.taste-africa.com\/sv\/wp-json\/wp\/v2\/types\/product"}],"replies":[{"embeddable":true,"href":"https:\/\/dev.taste-africa.com\/sv\/wp-json\/wp\/v2\/comments?post=2961"}],"version-history":[{"count":8,"href":"https:\/\/dev.taste-africa.com\/sv\/wp-json\/wp\/v2\/product\/2961\/revisions"}],"predecessor-version":[{"id":7078,"href":"https:\/\/dev.taste-africa.com\/sv\/wp-json\/wp\/v2\/product\/2961\/revisions\/7078"}],"wp:featuredmedia":[{"embeddable":true,"href":"https:\/\/dev.taste-africa.com\/sv\/wp-json\/wp\/v2\/media\/5678"}],"wp:attachment":[{"href":"https:\/\/dev.taste-africa.com\/sv\/wp-json\/wp\/v2\/media?parent=2961"}],"wp:term":[{"taxonomy":"product_cat","embeddable":true,"href":"https:\/\/dev.taste-africa.com\/sv\/wp-json\/wp\/v2\/product_cat?post=2961"},{"taxonomy":"product_tag","embeddable":true,"href":"https:\/\/dev.taste-africa.com\/sv\/wp-json\/wp\/v2\/product_tag?post=2961"}],"curies":[{"name":"wp","href":"https:\/\/api.w.org\/{rel}","templated":true}]}}