{"id":2950,"date":"2021-04-20T12:40:55","date_gmt":"2021-04-20T12:40:55","guid":{"rendered":"https:\/\/dev.taste-africa.com\/?post_type=product&#038;p=2950"},"modified":"2022-07-07T06:59:10","modified_gmt":"2022-07-07T06:59:10","slug":"mrs-balls-chilli-chutney","status":"publish","type":"product","link":"https:\/\/dev.taste-africa.com\/sv\/productTRPLINKPROCESSED\/mrs-balls-chilli-chutney\/","title":{"rendered":"<p>Mrs Balls chilichutney \u2013 ej tillg\u00e4nglig<\/p>"},"content":{"rendered":"","protected":false},"excerpt":{"rendered":"<p>We have sold Mrs Balls chilli chutney for as long as we've been in business, and regret that the factory that makes it has stopped doing so? Sadly not everyone knows what a fantastic product this is! Believe us ? we have tried, and will continue to try getting it back. In the mean time ? please check out our Amelia's chilli chutney. It's fantastic!<p class=\" translation-block\">Ingredienser: socker, vatten, vin\u00e4ger, torkade persikor (10%) och aprikoser (2%), l\u00f6k, frukten och l\u00f6ken inneh\u00e5ller konserveringsmedel <b>svaveldioxid<\/b>, modifierad majsst\u00e4rkelse (E1422), salt, Worcestershire sauce (vatten, vin\u00e4ger, sirap, socker, f\u00e4rg\u00e4mne (E150d), salt, l\u00f6k, vitl\u00f6k, chilifrukter), arom, chilifrukter (0.24%). Nettovikt: 470 g. Kan inneh\u00e5lla sm\u00e5 k\u00e4rnbitar.<\/p><p><strong>This product is manufactured in a factory that processes wheat, gluten, cow's milk, egg, and soy.<\/strong><\/p><\/p>","protected":false},"featured_media":6514,"comment_status":"open","ping_status":"closed","template":"","meta":{"inline_featured_image":false},"product_cat":[147],"product_tag":[],"class_list":["post-2950","product","type-product","status-publish","has-post-thumbnail","hentry","product_cat-chutney"],"_links":{"self":[{"href":"https:\/\/dev.taste-africa.com\/sv\/wp-json\/wp\/v2\/product\/2950","targetHints":{"allow":["GET"]}}],"collection":[{"href":"https:\/\/dev.taste-africa.com\/sv\/wp-json\/wp\/v2\/product"}],"about":[{"href":"https:\/\/dev.taste-africa.com\/sv\/wp-json\/wp\/v2\/types\/product"}],"replies":[{"embeddable":true,"href":"https:\/\/dev.taste-africa.com\/sv\/wp-json\/wp\/v2\/comments?post=2950"}],"version-history":[{"count":7,"href":"https:\/\/dev.taste-africa.com\/sv\/wp-json\/wp\/v2\/product\/2950\/revisions"}],"predecessor-version":[{"id":7262,"href":"https:\/\/dev.taste-africa.com\/sv\/wp-json\/wp\/v2\/product\/2950\/revisions\/7262"}],"wp:featuredmedia":[{"embeddable":true,"href":"https:\/\/dev.taste-africa.com\/sv\/wp-json\/wp\/v2\/media\/6514"}],"wp:attachment":[{"href":"https:\/\/dev.taste-africa.com\/sv\/wp-json\/wp\/v2\/media?parent=2950"}],"wp:term":[{"taxonomy":"product_cat","embeddable":true,"href":"https:\/\/dev.taste-africa.com\/sv\/wp-json\/wp\/v2\/product_cat?post=2950"},{"taxonomy":"product_tag","embeddable":true,"href":"https:\/\/dev.taste-africa.com\/sv\/wp-json\/wp\/v2\/product_tag?post=2950"}],"curies":[{"name":"wp","href":"https:\/\/api.w.org\/{rel}","templated":true}]}}