{"id":2945,"date":"2021-04-20T12:37:22","date_gmt":"2021-04-20T12:37:22","guid":{"rendered":"https:\/\/dev.taste-africa.com\/?post_type=product&#038;p=2945"},"modified":"2022-10-20T07:48:54","modified_gmt":"2022-10-20T07:48:54","slug":"potjie-spoon-in-wood-from-zimbabwe","status":"publish","type":"product","link":"https:\/\/dev.taste-africa.com\/sv\/productTRPLINKPROCESSED\/potjie-spoon-in-wood-from-zimbabwe\/","title":{"rendered":"<p>Potjieredskap, tr\u00e4slev i vild olivtr\u00e4<\/p>"},"content":{"rendered":"","protected":false},"excerpt":{"rendered":"<p>En stor slev \u00e4r alltid anv\u00e4ndbar vid elden. Den \u00e4r bra f\u00f6r att r\u00f6ra om i din gryta p\u00e5 lite avst\u00e5nd fr\u00e5n v\u00e4rmen. V\u00e5ra slevar tillverkas av vild olivtr\u00e4 i Zimbabwe. De flesta vi k\u00f6per \u00e4r av den st\u00f6rre storleken (som p\u00e5 bilden). Om de inte finns att f\u00e5 tag i ber\u00e4ttar vi om vi har mindre slevar p\u00e5 lager och vad de kostar.<\/p>","protected":false},"featured_media":7195,"comment_status":"open","ping_status":"closed","template":"","meta":{"inline_featured_image":false},"product_cat":[145,144],"product_tag":[],"class_list":["post-2945","product","type-product","status-publish","has-post-thumbnail","hentry","product_cat-potjie-utensils","product_cat-potjies-african-cast-iron-pots"],"_links":{"self":[{"href":"https:\/\/dev.taste-africa.com\/sv\/wp-json\/wp\/v2\/product\/2945","targetHints":{"allow":["GET"]}}],"collection":[{"href":"https:\/\/dev.taste-africa.com\/sv\/wp-json\/wp\/v2\/product"}],"about":[{"href":"https:\/\/dev.taste-africa.com\/sv\/wp-json\/wp\/v2\/types\/product"}],"replies":[{"embeddable":true,"href":"https:\/\/dev.taste-africa.com\/sv\/wp-json\/wp\/v2\/comments?post=2945"}],"version-history":[{"count":6,"href":"https:\/\/dev.taste-africa.com\/sv\/wp-json\/wp\/v2\/product\/2945\/revisions"}],"predecessor-version":[{"id":7418,"href":"https:\/\/dev.taste-africa.com\/sv\/wp-json\/wp\/v2\/product\/2945\/revisions\/7418"}],"wp:featuredmedia":[{"embeddable":true,"href":"https:\/\/dev.taste-africa.com\/sv\/wp-json\/wp\/v2\/media\/7195"}],"wp:attachment":[{"href":"https:\/\/dev.taste-africa.com\/sv\/wp-json\/wp\/v2\/media?parent=2945"}],"wp:term":[{"taxonomy":"product_cat","embeddable":true,"href":"https:\/\/dev.taste-africa.com\/sv\/wp-json\/wp\/v2\/product_cat?post=2945"},{"taxonomy":"product_tag","embeddable":true,"href":"https:\/\/dev.taste-africa.com\/sv\/wp-json\/wp\/v2\/product_tag?post=2945"}],"curies":[{"name":"wp","href":"https:\/\/api.w.org\/{rel}","templated":true}]}}