{"id":2941,"date":"2021-04-20T12:36:25","date_gmt":"2021-04-20T12:36:25","guid":{"rendered":"https:\/\/dev.taste-africa.com\/?post_type=product&#038;p=2941"},"modified":"2022-08-22T10:28:02","modified_gmt":"2022-08-22T10:28:02","slug":"thongs-for-coals","status":"publish","type":"product","link":"https:\/\/dev.taste-africa.com\/sv\/productTRPLINKPROCESSED\/thongs-for-coals\/","title":{"rendered":"<p>Potjieredskap, t\u00e5ng<\/p>"},"content":{"rendered":"","protected":false},"excerpt":{"rendered":"<p>En t\u00e5ng \u00e4r alltid anv\u00e4ndbar vid elden. Den \u00e4r bra f\u00f6r att flytta vedtr\u00e4d  eller att lyfta p\u00e5 grytans lock, n\u00e4r det har fullt med gl\u00f6d p\u00e5 det. Tillverkas av aluminium i Sydafrika.<\/p>","protected":false},"featured_media":7196,"comment_status":"open","ping_status":"closed","template":"","meta":{"inline_featured_image":false},"product_cat":[145,144],"product_tag":[],"class_list":["post-2941","product","type-product","status-publish","has-post-thumbnail","hentry","product_cat-potjie-utensils","product_cat-potjies-african-cast-iron-pots"],"_links":{"self":[{"href":"https:\/\/dev.taste-africa.com\/sv\/wp-json\/wp\/v2\/product\/2941","targetHints":{"allow":["GET"]}}],"collection":[{"href":"https:\/\/dev.taste-africa.com\/sv\/wp-json\/wp\/v2\/product"}],"about":[{"href":"https:\/\/dev.taste-africa.com\/sv\/wp-json\/wp\/v2\/types\/product"}],"replies":[{"embeddable":true,"href":"https:\/\/dev.taste-africa.com\/sv\/wp-json\/wp\/v2\/comments?post=2941"}],"version-history":[{"count":6,"href":"https:\/\/dev.taste-africa.com\/sv\/wp-json\/wp\/v2\/product\/2941\/revisions"}],"predecessor-version":[{"id":7417,"href":"https:\/\/dev.taste-africa.com\/sv\/wp-json\/wp\/v2\/product\/2941\/revisions\/7417"}],"wp:featuredmedia":[{"embeddable":true,"href":"https:\/\/dev.taste-africa.com\/sv\/wp-json\/wp\/v2\/media\/7196"}],"wp:attachment":[{"href":"https:\/\/dev.taste-africa.com\/sv\/wp-json\/wp\/v2\/media?parent=2941"}],"wp:term":[{"taxonomy":"product_cat","embeddable":true,"href":"https:\/\/dev.taste-africa.com\/sv\/wp-json\/wp\/v2\/product_cat?post=2941"},{"taxonomy":"product_tag","embeddable":true,"href":"https:\/\/dev.taste-africa.com\/sv\/wp-json\/wp\/v2\/product_tag?post=2941"}],"curies":[{"name":"wp","href":"https:\/\/api.w.org\/{rel}","templated":true}]}}